{"id":6714,"date":"2021-03-29T05:05:40","date_gmt":"2021-03-29T05:05:40","guid":{"rendered":"https:\/\/capriccioli.it\/?post_type=product&#038;p=6714"},"modified":"2024-07-10T23:01:18","modified_gmt":"2024-07-10T23:01:18","slug":"appartamento-studio-giardino-2-posti-letto-dehors","status":"publish","type":"product","link":"https:\/\/capriccioli.it\/es\/apartamentos\/apartamento-estudio-con-jardin-2-dormitorios-desmontado\/","title":{"rendered":"Apartamento estudio con jard\u00edn para 2 personas (fuera de casa)"},"content":{"rendered":"<p>Este estudio est\u00e1 situado en la planta baja. El aire acondicionado est\u00e1 disponible con un coste adicional.<br \/>\nLa tarifa no incluye servicio de limpieza diario.<\/p>","protected":false},"excerpt":{"rendered":"<p>Este estudio se encuentra en la planta baja o en el primer piso. El aire acondicionado est\u00e1 disponible por un suplemento.<br \/>\nLa tarifa no incluye servicio de limpieza diario.<\/p>\n<div data-et-view=\"NAFLeOeJAdeOYJURNAIKYEMAJXDbHe:1 NAFLeOeJAdeOYJURNAIKYEMAJXDbHe:2 NAFLeOeJAdeOYJURNAIKYEMAJXDbHe:6 NAFLeOeJAdeOYJURNAIKYEMAJXDbHe:7 NAFLeOeJAdeOYJURNAIKYEMAJXDbHe:9\"><\/div>\n<p class=\"hprt-lightbox-title\">","protected":false},"featured_media":6630,"comment_status":"open","ping_status":"closed","template":"","meta":{"_vp_format_video_url":"","_vp_image_focal_point":[]},"product_brand":[],"product_cat":[54],"product_tag":[61],"class_list":{"0":"post-6714","1":"product","2":"type-product","3":"status-publish","4":"has-post-thumbnail","6":"product_cat-monolocale","7":"product_tag-piano-terra","9":"first","10":"instock","11":"shipping-taxable","12":"purchasable","13":"product-type-ovacrs_car_rental"},"yoast_head":"<!-- This site is optimized with the Yoast SEO plugin v27.2 - https:\/\/yoast.com\/product\/yoast-seo-wordpress\/ -->\n<title>Appartamento Studio Giardino 2 Posti Letto (Dehors) | Residenza Capriccioli<\/title>\n<meta name=\"robots\" content=\"index, follow, max-snippet:-1, max-image-preview:large, max-video-preview:-1\" \/>\n<link rel=\"canonical\" href=\"https:\/\/capriccioli.it\/es\/apartamentos\/apartamento-estudio-con-jardin-2-dormitorios-desmontado\/\" \/>\n<meta property=\"og:locale\" content=\"es_ES\" \/>\n<meta property=\"og:type\" content=\"article\" \/>\n<meta property=\"og:title\" content=\"Appartamento Studio Giardino 2 Posti Letto (Dehors) | Residenza Capriccioli\" \/>\n<meta property=\"og:description\" content=\"Questo monolocale si trova al piano terra o al 1\u00b0 piano. L&#039;aria condizionata prevede un supplemento. La tariffa non include il servizio di pulizia giornaliero.\" \/>\n<meta property=\"og:url\" content=\"https:\/\/capriccioli.it\/es\/apartamentos\/apartamento-estudio-con-jardin-2-dormitorios-desmontado\/\" \/>\n<meta property=\"og:site_name\" content=\"Residenza Capriccioli\" \/>\n<meta property=\"article:modified_time\" content=\"2024-07-10T23:01:18+00:00\" \/>\n<meta property=\"og:image\" content=\"https:\/\/capriccioli.it\/wp-content\/uploads\/2018\/12\/B8c.jpg\" \/>\n\t<meta property=\"og:image:width\" content=\"2199\" \/>\n\t<meta property=\"og:image:height\" content=\"1466\" \/>\n\t<meta property=\"og:image:type\" content=\"image\/jpeg\" \/>\n<meta name=\"twitter:card\" content=\"summary_large_image\" \/>\n<meta name=\"twitter:label1\" content=\"Tiempo de lectura\" \/>\n\t<meta name=\"twitter:data1\" content=\"1 minuto\" \/>\n<script type=\"application\/ld+json\" class=\"yoast-schema-graph\">{\"@context\":\"https:\/\/schema.org\",\"@graph\":[{\"@type\":\"WebPage\",\"@id\":\"https:\/\/capriccioli.it\/appartamenti\/appartamento-studio-giardino-2-posti-letto-dehors\/\",\"url\":\"https:\/\/capriccioli.it\/appartamenti\/appartamento-studio-giardino-2-posti-letto-dehors\/\",\"name\":\"Appartamento Studio Giardino 2 Posti Letto (Dehors) | Residenza Capriccioli\",\"isPartOf\":{\"@id\":\"https:\/\/capriccioli.it\/#website\"},\"primaryImageOfPage\":{\"@id\":\"https:\/\/capriccioli.it\/appartamenti\/appartamento-studio-giardino-2-posti-letto-dehors\/#primaryimage\"},\"image\":{\"@id\":\"https:\/\/capriccioli.it\/appartamenti\/appartamento-studio-giardino-2-posti-letto-dehors\/#primaryimage\"},\"thumbnailUrl\":\"https:\/\/capriccioli.it\/wp-content\/uploads\/2018\/12\/B8c.jpg\",\"datePublished\":\"2021-03-29T05:05:40+00:00\",\"dateModified\":\"2024-07-10T23:01:18+00:00\",\"breadcrumb\":{\"@id\":\"https:\/\/capriccioli.it\/appartamenti\/appartamento-studio-giardino-2-posti-letto-dehors\/#breadcrumb\"},\"inLanguage\":\"es\",\"potentialAction\":[{\"@type\":\"ReadAction\",\"target\":[\"https:\/\/capriccioli.it\/appartamenti\/appartamento-studio-giardino-2-posti-letto-dehors\/\"]}]},{\"@type\":\"ImageObject\",\"inLanguage\":\"es\",\"@id\":\"https:\/\/capriccioli.it\/appartamenti\/appartamento-studio-giardino-2-posti-letto-dehors\/#primaryimage\",\"url\":\"https:\/\/capriccioli.it\/wp-content\/uploads\/2018\/12\/B8c.jpg\",\"contentUrl\":\"https:\/\/capriccioli.it\/wp-content\/uploads\/2018\/12\/B8c.jpg\",\"width\":2199,\"height\":1466},{\"@type\":\"BreadcrumbList\",\"@id\":\"https:\/\/capriccioli.it\/appartamenti\/appartamento-studio-giardino-2-posti-letto-dehors\/#breadcrumb\",\"itemListElement\":[{\"@type\":\"ListItem\",\"position\":1,\"name\":\"Home\",\"item\":\"https:\/\/capriccioli.it\/\"},{\"@type\":\"ListItem\",\"position\":2,\"name\":\"Appartamenti\",\"item\":\"https:\/\/capriccioli.it\/appartamenti\/\"},{\"@type\":\"ListItem\",\"position\":3,\"name\":\"Appartamento Studio Giardino 2 Posti Letto (Dehors)\"}]},{\"@type\":\"WebSite\",\"@id\":\"https:\/\/capriccioli.it\/#website\",\"url\":\"https:\/\/capriccioli.it\/\",\"name\":\"Residenza Capriccioli\",\"description\":\"Costa Smeralda\",\"publisher\":{\"@id\":\"https:\/\/capriccioli.it\/#organization\"},\"potentialAction\":[{\"@type\":\"SearchAction\",\"target\":{\"@type\":\"EntryPoint\",\"urlTemplate\":\"https:\/\/capriccioli.it\/?s={search_term_string}\"},\"query-input\":{\"@type\":\"PropertyValueSpecification\",\"valueRequired\":true,\"valueName\":\"search_term_string\"}}],\"inLanguage\":\"es\"},{\"@type\":\"Organization\",\"@id\":\"https:\/\/capriccioli.it\/#organization\",\"name\":\"Residenza Capriccioli\",\"url\":\"https:\/\/capriccioli.it\/\",\"logo\":{\"@type\":\"ImageObject\",\"inLanguage\":\"es\",\"@id\":\"https:\/\/capriccioli.it\/#\/schema\/logo\/image\/\",\"url\":\"https:\/\/capriccioli.it\/wp-content\/uploads\/2018\/12\/capriccioli-logo-web.svg\",\"contentUrl\":\"https:\/\/capriccioli.it\/wp-content\/uploads\/2018\/12\/capriccioli-logo-web.svg\",\"width\":1,\"height\":1,\"caption\":\"Residenza Capriccioli\"},\"image\":{\"@id\":\"https:\/\/capriccioli.it\/#\/schema\/logo\/image\/\"}}]}<\/script>\n<!-- \/ Yoast SEO plugin. -->","yoast_head_json":{"title":"Appartamento Studio Giardino 2 Posti Letto (Dehors) | Residenza Capriccioli","robots":{"index":"index","follow":"follow","max-snippet":"max-snippet:-1","max-image-preview":"max-image-preview:large","max-video-preview":"max-video-preview:-1"},"canonical":"https:\/\/capriccioli.it\/es\/apartamentos\/apartamento-estudio-con-jardin-2-dormitorios-desmontado\/","og_locale":"es_ES","og_type":"article","og_title":"Appartamento Studio Giardino 2 Posti Letto (Dehors) | Residenza Capriccioli","og_description":"Questo monolocale si trova al piano terra o al 1\u00b0 piano. L'aria condizionata prevede un supplemento. La tariffa non include il servizio di pulizia giornaliero.","og_url":"https:\/\/capriccioli.it\/es\/apartamentos\/apartamento-estudio-con-jardin-2-dormitorios-desmontado\/","og_site_name":"Residenza Capriccioli","article_modified_time":"2024-07-10T23:01:18+00:00","og_image":[{"width":2199,"height":1466,"url":"https:\/\/capriccioli.it\/wp-content\/uploads\/2018\/12\/B8c.jpg","type":"image\/jpeg"}],"twitter_card":"summary_large_image","twitter_misc":{"Tiempo de lectura":"1 minuto"},"schema":{"@context":"https:\/\/schema.org","@graph":[{"@type":"WebPage","@id":"https:\/\/capriccioli.it\/appartamenti\/appartamento-studio-giardino-2-posti-letto-dehors\/","url":"https:\/\/capriccioli.it\/appartamenti\/appartamento-studio-giardino-2-posti-letto-dehors\/","name":"Appartamento Studio Giardino 2 Posti Letto (Dehors) | Residenza Capriccioli","isPartOf":{"@id":"https:\/\/capriccioli.it\/#website"},"primaryImageOfPage":{"@id":"https:\/\/capriccioli.it\/appartamenti\/appartamento-studio-giardino-2-posti-letto-dehors\/#primaryimage"},"image":{"@id":"https:\/\/capriccioli.it\/appartamenti\/appartamento-studio-giardino-2-posti-letto-dehors\/#primaryimage"},"thumbnailUrl":"https:\/\/capriccioli.it\/wp-content\/uploads\/2018\/12\/B8c.jpg","datePublished":"2021-03-29T05:05:40+00:00","dateModified":"2024-07-10T23:01:18+00:00","breadcrumb":{"@id":"https:\/\/capriccioli.it\/appartamenti\/appartamento-studio-giardino-2-posti-letto-dehors\/#breadcrumb"},"inLanguage":"es","potentialAction":[{"@type":"ReadAction","target":["https:\/\/capriccioli.it\/appartamenti\/appartamento-studio-giardino-2-posti-letto-dehors\/"]}]},{"@type":"ImageObject","inLanguage":"es","@id":"https:\/\/capriccioli.it\/appartamenti\/appartamento-studio-giardino-2-posti-letto-dehors\/#primaryimage","url":"https:\/\/capriccioli.it\/wp-content\/uploads\/2018\/12\/B8c.jpg","contentUrl":"https:\/\/capriccioli.it\/wp-content\/uploads\/2018\/12\/B8c.jpg","width":2199,"height":1466},{"@type":"BreadcrumbList","@id":"https:\/\/capriccioli.it\/appartamenti\/appartamento-studio-giardino-2-posti-letto-dehors\/#breadcrumb","itemListElement":[{"@type":"ListItem","position":1,"name":"Home","item":"https:\/\/capriccioli.it\/"},{"@type":"ListItem","position":2,"name":"Appartamenti","item":"https:\/\/capriccioli.it\/appartamenti\/"},{"@type":"ListItem","position":3,"name":"Appartamento Studio Giardino 2 Posti Letto (Dehors)"}]},{"@type":"WebSite","@id":"https:\/\/capriccioli.it\/#website","url":"https:\/\/capriccioli.it\/","name":"Residenza Capriccioli","description":"Costa Smeralda","publisher":{"@id":"https:\/\/capriccioli.it\/#organization"},"potentialAction":[{"@type":"SearchAction","target":{"@type":"EntryPoint","urlTemplate":"https:\/\/capriccioli.it\/?s={search_term_string}"},"query-input":{"@type":"PropertyValueSpecification","valueRequired":true,"valueName":"search_term_string"}}],"inLanguage":"es"},{"@type":"Organization","@id":"https:\/\/capriccioli.it\/#organization","name":"Residenza Capriccioli","url":"https:\/\/capriccioli.it\/","logo":{"@type":"ImageObject","inLanguage":"es","@id":"https:\/\/capriccioli.it\/#\/schema\/logo\/image\/","url":"https:\/\/capriccioli.it\/wp-content\/uploads\/2018\/12\/capriccioli-logo-web.svg","contentUrl":"https:\/\/capriccioli.it\/wp-content\/uploads\/2018\/12\/capriccioli-logo-web.svg","width":1,"height":1,"caption":"Residenza Capriccioli"},"image":{"@id":"https:\/\/capriccioli.it\/#\/schema\/logo\/image\/"}}]}},"_links":{"self":[{"href":"https:\/\/capriccioli.it\/es\/wp-json\/wp\/v2\/product\/6714","targetHints":{"allow":["GET"]}}],"collection":[{"href":"https:\/\/capriccioli.it\/es\/wp-json\/wp\/v2\/product"}],"about":[{"href":"https:\/\/capriccioli.it\/es\/wp-json\/wp\/v2\/types\/product"}],"replies":[{"embeddable":true,"href":"https:\/\/capriccioli.it\/es\/wp-json\/wp\/v2\/comments?post=6714"}],"wp:featuredmedia":[{"embeddable":true,"href":"https:\/\/capriccioli.it\/es\/wp-json\/wp\/v2\/media\/6630"}],"wp:attachment":[{"href":"https:\/\/capriccioli.it\/es\/wp-json\/wp\/v2\/media?parent=6714"}],"wp:term":[{"taxonomy":"product_brand","embeddable":true,"href":"https:\/\/capriccioli.it\/es\/wp-json\/wp\/v2\/product_brand?post=6714"},{"taxonomy":"product_cat","embeddable":true,"href":"https:\/\/capriccioli.it\/es\/wp-json\/wp\/v2\/product_cat?post=6714"},{"taxonomy":"product_tag","embeddable":true,"href":"https:\/\/capriccioli.it\/es\/wp-json\/wp\/v2\/product_tag?post=6714"}],"curies":[{"name":"wp","href":"https:\/\/api.w.org\/{rel}","templated":true}]}}