{"id":6857,"date":"2021-03-24T08:25:20","date_gmt":"2021-03-24T08:25:20","guid":{"rendered":"https:\/\/capriccioli.it\/?post_type=product&#038;p=6857"},"modified":"2025-09-17T07:31:57","modified_gmt":"2025-09-17T07:31:57","slug":"appartamento-villetta-6-posti-vista-mare-family-suite-superior","status":"publish","type":"product","link":"https:\/\/capriccioli.it\/fr\/appartements\/appartement-villa-6-places-vue-mer-suite-familiale-superieure\/","title":{"rendered":"Appartement Villa 6 Chambres (Suite Familiale Sup\u00e9rieure)"},"content":{"rendered":"<p>Villa \u00e0 deux \u00e9tages avec terrasse et jardin.<br \/>\nLe tarif ne comprend pas le service de m\u00e9nage quotidien.<\/p>","protected":false},"excerpt":{"rendered":"<p>Villa \u00e0 deux \u00e9tages avec terrasse et jardin.<br \/>\nLe tarif ne comprend pas le service de m\u00e9nage quotidien.<\/p>","protected":false},"featured_media":6662,"comment_status":"open","ping_status":"closed","template":"","meta":{"_vp_format_video_url":"","_vp_image_focal_point":[]},"product_brand":[],"product_cat":[59],"product_tag":[57],"class_list":{"0":"post-6857","1":"product","2":"type-product","3":"status-publish","4":"has-post-thumbnail","6":"product_cat-villetta","7":"product_tag-vista-mare","9":"first","10":"instock","11":"shipping-taxable","12":"purchasable","13":"product-type-ovacrs_car_rental"},"yoast_head":"<!-- This site is optimized with the Yoast SEO plugin v27.2 - https:\/\/yoast.com\/product\/yoast-seo-wordpress\/ -->\n<title>Appartamento Villetta 6 Posti (Family Suite Superior) | Residenza Capriccioli<\/title>\n<meta name=\"robots\" content=\"index, follow, max-snippet:-1, max-image-preview:large, max-video-preview:-1\" \/>\n<link rel=\"canonical\" href=\"https:\/\/capriccioli.it\/fr\/appartements\/appartement-villa-6-places-vue-mer-suite-familiale-superieure\/\" \/>\n<meta property=\"og:locale\" content=\"fr_FR\" \/>\n<meta property=\"og:type\" content=\"article\" \/>\n<meta property=\"og:title\" content=\"Appartamento Villetta 6 Posti (Family Suite Superior) | Residenza Capriccioli\" \/>\n<meta property=\"og:description\" content=\"Villa su due piani con terrazza e giardino. La tariffa non include il servizio di pulizia giornaliero.\" \/>\n<meta property=\"og:url\" content=\"https:\/\/capriccioli.it\/fr\/appartements\/appartement-villa-6-places-vue-mer-suite-familiale-superieure\/\" \/>\n<meta property=\"og:site_name\" content=\"Residenza Capriccioli\" \/>\n<meta property=\"article:modified_time\" content=\"2025-09-17T07:31:57+00:00\" \/>\n<meta property=\"og:image\" content=\"https:\/\/capriccioli.it\/wp-content\/uploads\/2018\/12\/villetta5c.jpg\" \/>\n\t<meta property=\"og:image:width\" content=\"2199\" \/>\n\t<meta property=\"og:image:height\" content=\"1466\" \/>\n\t<meta property=\"og:image:type\" content=\"image\/jpeg\" \/>\n<meta name=\"twitter:card\" content=\"summary_large_image\" \/>\n<meta name=\"twitter:label1\" content=\"Dur\u00e9e de lecture estim\u00e9e\" \/>\n\t<meta name=\"twitter:data1\" content=\"1 minute\" \/>\n<script type=\"application\/ld+json\" class=\"yoast-schema-graph\">{\"@context\":\"https:\/\/schema.org\",\"@graph\":[{\"@type\":\"WebPage\",\"@id\":\"https:\/\/capriccioli.it\/appartamenti\/appartamento-villetta-6-posti-vista-mare-family-suite-superior\/\",\"url\":\"https:\/\/capriccioli.it\/appartamenti\/appartamento-villetta-6-posti-vista-mare-family-suite-superior\/\",\"name\":\"Appartamento Villetta 6 Posti (Family Suite Superior) | Residenza Capriccioli\",\"isPartOf\":{\"@id\":\"https:\/\/capriccioli.it\/#website\"},\"primaryImageOfPage\":{\"@id\":\"https:\/\/capriccioli.it\/appartamenti\/appartamento-villetta-6-posti-vista-mare-family-suite-superior\/#primaryimage\"},\"image\":{\"@id\":\"https:\/\/capriccioli.it\/appartamenti\/appartamento-villetta-6-posti-vista-mare-family-suite-superior\/#primaryimage\"},\"thumbnailUrl\":\"https:\/\/capriccioli.it\/wp-content\/uploads\/2018\/12\/villetta5c.jpg\",\"datePublished\":\"2021-03-24T08:25:20+00:00\",\"dateModified\":\"2025-09-17T07:31:57+00:00\",\"breadcrumb\":{\"@id\":\"https:\/\/capriccioli.it\/appartamenti\/appartamento-villetta-6-posti-vista-mare-family-suite-superior\/#breadcrumb\"},\"inLanguage\":\"fr-FR\",\"potentialAction\":[{\"@type\":\"ReadAction\",\"target\":[\"https:\/\/capriccioli.it\/appartamenti\/appartamento-villetta-6-posti-vista-mare-family-suite-superior\/\"]}]},{\"@type\":\"ImageObject\",\"inLanguage\":\"fr-FR\",\"@id\":\"https:\/\/capriccioli.it\/appartamenti\/appartamento-villetta-6-posti-vista-mare-family-suite-superior\/#primaryimage\",\"url\":\"https:\/\/capriccioli.it\/wp-content\/uploads\/2018\/12\/villetta5c.jpg\",\"contentUrl\":\"https:\/\/capriccioli.it\/wp-content\/uploads\/2018\/12\/villetta5c.jpg\",\"width\":2199,\"height\":1466},{\"@type\":\"BreadcrumbList\",\"@id\":\"https:\/\/capriccioli.it\/appartamenti\/appartamento-villetta-6-posti-vista-mare-family-suite-superior\/#breadcrumb\",\"itemListElement\":[{\"@type\":\"ListItem\",\"position\":1,\"name\":\"Home\",\"item\":\"https:\/\/capriccioli.it\/\"},{\"@type\":\"ListItem\",\"position\":2,\"name\":\"Appartamenti\",\"item\":\"https:\/\/capriccioli.it\/appartamenti\/\"},{\"@type\":\"ListItem\",\"position\":3,\"name\":\"Appartamento Villetta 6 Posti (Family Suite Superior)\"}]},{\"@type\":\"WebSite\",\"@id\":\"https:\/\/capriccioli.it\/#website\",\"url\":\"https:\/\/capriccioli.it\/\",\"name\":\"Residenza Capriccioli\",\"description\":\"Costa Smeralda\",\"publisher\":{\"@id\":\"https:\/\/capriccioli.it\/#organization\"},\"potentialAction\":[{\"@type\":\"SearchAction\",\"target\":{\"@type\":\"EntryPoint\",\"urlTemplate\":\"https:\/\/capriccioli.it\/?s={search_term_string}\"},\"query-input\":{\"@type\":\"PropertyValueSpecification\",\"valueRequired\":true,\"valueName\":\"search_term_string\"}}],\"inLanguage\":\"fr-FR\"},{\"@type\":\"Organization\",\"@id\":\"https:\/\/capriccioli.it\/#organization\",\"name\":\"Residenza Capriccioli\",\"url\":\"https:\/\/capriccioli.it\/\",\"logo\":{\"@type\":\"ImageObject\",\"inLanguage\":\"fr-FR\",\"@id\":\"https:\/\/capriccioli.it\/#\/schema\/logo\/image\/\",\"url\":\"https:\/\/capriccioli.it\/wp-content\/uploads\/2018\/12\/capriccioli-logo-web.svg\",\"contentUrl\":\"https:\/\/capriccioli.it\/wp-content\/uploads\/2018\/12\/capriccioli-logo-web.svg\",\"width\":1,\"height\":1,\"caption\":\"Residenza Capriccioli\"},\"image\":{\"@id\":\"https:\/\/capriccioli.it\/#\/schema\/logo\/image\/\"}}]}<\/script>\n<!-- \/ Yoast SEO plugin. -->","yoast_head_json":{"title":"Appartamento Villetta 6 Posti (Family Suite Superior) | Residenza Capriccioli","robots":{"index":"index","follow":"follow","max-snippet":"max-snippet:-1","max-image-preview":"max-image-preview:large","max-video-preview":"max-video-preview:-1"},"canonical":"https:\/\/capriccioli.it\/fr\/appartements\/appartement-villa-6-places-vue-mer-suite-familiale-superieure\/","og_locale":"fr_FR","og_type":"article","og_title":"Appartamento Villetta 6 Posti (Family Suite Superior) | Residenza Capriccioli","og_description":"Villa su due piani con terrazza e giardino. La tariffa non include il servizio di pulizia giornaliero.","og_url":"https:\/\/capriccioli.it\/fr\/appartements\/appartement-villa-6-places-vue-mer-suite-familiale-superieure\/","og_site_name":"Residenza Capriccioli","article_modified_time":"2025-09-17T07:31:57+00:00","og_image":[{"width":2199,"height":1466,"url":"https:\/\/capriccioli.it\/wp-content\/uploads\/2018\/12\/villetta5c.jpg","type":"image\/jpeg"}],"twitter_card":"summary_large_image","twitter_misc":{"Dur\u00e9e de lecture estim\u00e9e":"1 minute"},"schema":{"@context":"https:\/\/schema.org","@graph":[{"@type":"WebPage","@id":"https:\/\/capriccioli.it\/appartamenti\/appartamento-villetta-6-posti-vista-mare-family-suite-superior\/","url":"https:\/\/capriccioli.it\/appartamenti\/appartamento-villetta-6-posti-vista-mare-family-suite-superior\/","name":"Appartamento Villetta 6 Posti (Family Suite Superior) | Residenza Capriccioli","isPartOf":{"@id":"https:\/\/capriccioli.it\/#website"},"primaryImageOfPage":{"@id":"https:\/\/capriccioli.it\/appartamenti\/appartamento-villetta-6-posti-vista-mare-family-suite-superior\/#primaryimage"},"image":{"@id":"https:\/\/capriccioli.it\/appartamenti\/appartamento-villetta-6-posti-vista-mare-family-suite-superior\/#primaryimage"},"thumbnailUrl":"https:\/\/capriccioli.it\/wp-content\/uploads\/2018\/12\/villetta5c.jpg","datePublished":"2021-03-24T08:25:20+00:00","dateModified":"2025-09-17T07:31:57+00:00","breadcrumb":{"@id":"https:\/\/capriccioli.it\/appartamenti\/appartamento-villetta-6-posti-vista-mare-family-suite-superior\/#breadcrumb"},"inLanguage":"fr-FR","potentialAction":[{"@type":"ReadAction","target":["https:\/\/capriccioli.it\/appartamenti\/appartamento-villetta-6-posti-vista-mare-family-suite-superior\/"]}]},{"@type":"ImageObject","inLanguage":"fr-FR","@id":"https:\/\/capriccioli.it\/appartamenti\/appartamento-villetta-6-posti-vista-mare-family-suite-superior\/#primaryimage","url":"https:\/\/capriccioli.it\/wp-content\/uploads\/2018\/12\/villetta5c.jpg","contentUrl":"https:\/\/capriccioli.it\/wp-content\/uploads\/2018\/12\/villetta5c.jpg","width":2199,"height":1466},{"@type":"BreadcrumbList","@id":"https:\/\/capriccioli.it\/appartamenti\/appartamento-villetta-6-posti-vista-mare-family-suite-superior\/#breadcrumb","itemListElement":[{"@type":"ListItem","position":1,"name":"Home","item":"https:\/\/capriccioli.it\/"},{"@type":"ListItem","position":2,"name":"Appartamenti","item":"https:\/\/capriccioli.it\/appartamenti\/"},{"@type":"ListItem","position":3,"name":"Appartamento Villetta 6 Posti (Family Suite Superior)"}]},{"@type":"WebSite","@id":"https:\/\/capriccioli.it\/#website","url":"https:\/\/capriccioli.it\/","name":"Residenza Capriccioli","description":"Costa Smeralda","publisher":{"@id":"https:\/\/capriccioli.it\/#organization"},"potentialAction":[{"@type":"SearchAction","target":{"@type":"EntryPoint","urlTemplate":"https:\/\/capriccioli.it\/?s={search_term_string}"},"query-input":{"@type":"PropertyValueSpecification","valueRequired":true,"valueName":"search_term_string"}}],"inLanguage":"fr-FR"},{"@type":"Organization","@id":"https:\/\/capriccioli.it\/#organization","name":"Residenza Capriccioli","url":"https:\/\/capriccioli.it\/","logo":{"@type":"ImageObject","inLanguage":"fr-FR","@id":"https:\/\/capriccioli.it\/#\/schema\/logo\/image\/","url":"https:\/\/capriccioli.it\/wp-content\/uploads\/2018\/12\/capriccioli-logo-web.svg","contentUrl":"https:\/\/capriccioli.it\/wp-content\/uploads\/2018\/12\/capriccioli-logo-web.svg","width":1,"height":1,"caption":"Residenza Capriccioli"},"image":{"@id":"https:\/\/capriccioli.it\/#\/schema\/logo\/image\/"}}]}},"_links":{"self":[{"href":"https:\/\/capriccioli.it\/fr\/wp-json\/wp\/v2\/product\/6857","targetHints":{"allow":["GET"]}}],"collection":[{"href":"https:\/\/capriccioli.it\/fr\/wp-json\/wp\/v2\/product"}],"about":[{"href":"https:\/\/capriccioli.it\/fr\/wp-json\/wp\/v2\/types\/product"}],"replies":[{"embeddable":true,"href":"https:\/\/capriccioli.it\/fr\/wp-json\/wp\/v2\/comments?post=6857"}],"wp:featuredmedia":[{"embeddable":true,"href":"https:\/\/capriccioli.it\/fr\/wp-json\/wp\/v2\/media\/6662"}],"wp:attachment":[{"href":"https:\/\/capriccioli.it\/fr\/wp-json\/wp\/v2\/media?parent=6857"}],"wp:term":[{"taxonomy":"product_brand","embeddable":true,"href":"https:\/\/capriccioli.it\/fr\/wp-json\/wp\/v2\/product_brand?post=6857"},{"taxonomy":"product_cat","embeddable":true,"href":"https:\/\/capriccioli.it\/fr\/wp-json\/wp\/v2\/product_cat?post=6857"},{"taxonomy":"product_tag","embeddable":true,"href":"https:\/\/capriccioli.it\/fr\/wp-json\/wp\/v2\/product_tag?post=6857"}],"curies":[{"name":"wp","href":"https:\/\/api.w.org\/{rel}","templated":true}]}}