{"id":6718,"date":"2021-03-29T05:09:18","date_gmt":"2021-03-29T05:09:18","guid":{"rendered":"https:\/\/capriccioli.it\/?post_type=product&#038;p=6718"},"modified":"2024-07-10T23:01:11","modified_gmt":"2024-07-10T23:01:11","slug":"appartamento-villetta-2-posti-letto-junior-suite","status":"publish","type":"product","link":"https:\/\/capriccioli.it\/pt\/apartamentos\/apartamento-villa-2-quartos-suite-junior\/","title":{"rendered":"Apartamento Villa 2 Quartos (Su\u00edte J\u00fanior)"},"content":{"rendered":"<p>2 adultos e 1 crian\u00e7a. Inclui 1 quarto de casal e 1 banheiro.<br \/>\nA tarifa n\u00e3o inclui servi\u00e7o de limpeza di\u00e1rio.<\/p>","protected":false},"excerpt":{"rendered":"<p>2 adultos e 1 crian\u00e7a. Inclui 1 quarto de casal e 1 banheiro.<br \/>\nA tarifa n\u00e3o inclui servi\u00e7o de limpeza di\u00e1rio.<\/p>","protected":false},"featured_media":6652,"comment_status":"open","ping_status":"closed","template":"","meta":{"_vp_format_video_url":"","_vp_image_focal_point":[]},"product_brand":[],"product_cat":[55],"product_tag":[61],"class_list":{"0":"post-6718","1":"product","2":"type-product","3":"status-publish","4":"has-post-thumbnail","6":"product_cat-bilocale","7":"product_tag-piano-terra","9":"first","10":"instock","11":"shipping-taxable","12":"purchasable","13":"product-type-ovacrs_car_rental"},"yoast_head":"<!-- This site is optimized with the Yoast SEO plugin v27.2 - https:\/\/yoast.com\/product\/yoast-seo-wordpress\/ -->\n<title>Appartamento Villetta 2 Posti letto (Junior Suite) | Residenza Capriccioli<\/title>\n<meta name=\"robots\" content=\"index, follow, max-snippet:-1, max-image-preview:large, max-video-preview:-1\" \/>\n<link rel=\"canonical\" href=\"https:\/\/capriccioli.it\/pt\/apartamentos\/apartamento-villa-2-quartos-suite-junior\/\" \/>\n<meta property=\"og:locale\" content=\"pt_PT\" \/>\n<meta property=\"og:type\" content=\"article\" \/>\n<meta property=\"og:title\" content=\"Appartamento Villetta 2 Posti letto (Junior Suite) | Residenza Capriccioli\" \/>\n<meta property=\"og:description\" content=\"2 Adulti 1 Bambini. Include 1 camera matrimoniale e 1 bagno. La tariffa non include il servizio di pulizia giornaliero.\" \/>\n<meta property=\"og:url\" content=\"https:\/\/capriccioli.it\/pt\/apartamentos\/apartamento-villa-2-quartos-suite-junior\/\" \/>\n<meta property=\"og:site_name\" content=\"Residenza Capriccioli\" \/>\n<meta property=\"article:modified_time\" content=\"2024-07-10T23:01:11+00:00\" \/>\n<meta property=\"og:image\" content=\"https:\/\/capriccioli.it\/wp-content\/uploads\/2018\/12\/villetta3b.jpg\" \/>\n\t<meta property=\"og:image:width\" content=\"2199\" \/>\n\t<meta property=\"og:image:height\" content=\"1466\" \/>\n\t<meta property=\"og:image:type\" content=\"image\/jpeg\" \/>\n<meta name=\"twitter:card\" content=\"summary_large_image\" \/>\n<meta name=\"twitter:label1\" content=\"Tempo estimado de leitura\" \/>\n\t<meta name=\"twitter:data1\" content=\"1 minuto\" \/>\n<script type=\"application\/ld+json\" class=\"yoast-schema-graph\">{\"@context\":\"https:\/\/schema.org\",\"@graph\":[{\"@type\":\"WebPage\",\"@id\":\"https:\/\/capriccioli.it\/appartamenti\/appartamento-villetta-2-posti-letto-junior-suite\/\",\"url\":\"https:\/\/capriccioli.it\/appartamenti\/appartamento-villetta-2-posti-letto-junior-suite\/\",\"name\":\"Appartamento Villetta 2 Posti letto (Junior Suite) | Residenza Capriccioli\",\"isPartOf\":{\"@id\":\"https:\/\/capriccioli.it\/#website\"},\"primaryImageOfPage\":{\"@id\":\"https:\/\/capriccioli.it\/appartamenti\/appartamento-villetta-2-posti-letto-junior-suite\/#primaryimage\"},\"image\":{\"@id\":\"https:\/\/capriccioli.it\/appartamenti\/appartamento-villetta-2-posti-letto-junior-suite\/#primaryimage\"},\"thumbnailUrl\":\"https:\/\/capriccioli.it\/wp-content\/uploads\/2018\/12\/villetta3b.jpg\",\"datePublished\":\"2021-03-29T05:09:18+00:00\",\"dateModified\":\"2024-07-10T23:01:11+00:00\",\"breadcrumb\":{\"@id\":\"https:\/\/capriccioli.it\/appartamenti\/appartamento-villetta-2-posti-letto-junior-suite\/#breadcrumb\"},\"inLanguage\":\"pt-PT\",\"potentialAction\":[{\"@type\":\"ReadAction\",\"target\":[\"https:\/\/capriccioli.it\/appartamenti\/appartamento-villetta-2-posti-letto-junior-suite\/\"]}]},{\"@type\":\"ImageObject\",\"inLanguage\":\"pt-PT\",\"@id\":\"https:\/\/capriccioli.it\/appartamenti\/appartamento-villetta-2-posti-letto-junior-suite\/#primaryimage\",\"url\":\"https:\/\/capriccioli.it\/wp-content\/uploads\/2018\/12\/villetta3b.jpg\",\"contentUrl\":\"https:\/\/capriccioli.it\/wp-content\/uploads\/2018\/12\/villetta3b.jpg\",\"width\":2199,\"height\":1466},{\"@type\":\"BreadcrumbList\",\"@id\":\"https:\/\/capriccioli.it\/appartamenti\/appartamento-villetta-2-posti-letto-junior-suite\/#breadcrumb\",\"itemListElement\":[{\"@type\":\"ListItem\",\"position\":1,\"name\":\"Home\",\"item\":\"https:\/\/capriccioli.it\/\"},{\"@type\":\"ListItem\",\"position\":2,\"name\":\"Appartamenti\",\"item\":\"https:\/\/capriccioli.it\/appartamenti\/\"},{\"@type\":\"ListItem\",\"position\":3,\"name\":\"Appartamento Villetta 2 Posti letto (Junior Suite)\"}]},{\"@type\":\"WebSite\",\"@id\":\"https:\/\/capriccioli.it\/#website\",\"url\":\"https:\/\/capriccioli.it\/\",\"name\":\"Residenza Capriccioli\",\"description\":\"Costa Smeralda\",\"publisher\":{\"@id\":\"https:\/\/capriccioli.it\/#organization\"},\"potentialAction\":[{\"@type\":\"SearchAction\",\"target\":{\"@type\":\"EntryPoint\",\"urlTemplate\":\"https:\/\/capriccioli.it\/?s={search_term_string}\"},\"query-input\":{\"@type\":\"PropertyValueSpecification\",\"valueRequired\":true,\"valueName\":\"search_term_string\"}}],\"inLanguage\":\"pt-PT\"},{\"@type\":\"Organization\",\"@id\":\"https:\/\/capriccioli.it\/#organization\",\"name\":\"Residenza Capriccioli\",\"url\":\"https:\/\/capriccioli.it\/\",\"logo\":{\"@type\":\"ImageObject\",\"inLanguage\":\"pt-PT\",\"@id\":\"https:\/\/capriccioli.it\/#\/schema\/logo\/image\/\",\"url\":\"https:\/\/capriccioli.it\/wp-content\/uploads\/2018\/12\/capriccioli-logo-web.svg\",\"contentUrl\":\"https:\/\/capriccioli.it\/wp-content\/uploads\/2018\/12\/capriccioli-logo-web.svg\",\"width\":1,\"height\":1,\"caption\":\"Residenza Capriccioli\"},\"image\":{\"@id\":\"https:\/\/capriccioli.it\/#\/schema\/logo\/image\/\"}}]}<\/script>\n<!-- \/ Yoast SEO plugin. -->","yoast_head_json":{"title":"Appartamento Villetta 2 Posti letto (Junior Suite) | Residenza Capriccioli","robots":{"index":"index","follow":"follow","max-snippet":"max-snippet:-1","max-image-preview":"max-image-preview:large","max-video-preview":"max-video-preview:-1"},"canonical":"https:\/\/capriccioli.it\/pt\/apartamentos\/apartamento-villa-2-quartos-suite-junior\/","og_locale":"pt_PT","og_type":"article","og_title":"Appartamento Villetta 2 Posti letto (Junior Suite) | Residenza Capriccioli","og_description":"2 Adulti 1 Bambini. Include 1 camera matrimoniale e 1 bagno. La tariffa non include il servizio di pulizia giornaliero.","og_url":"https:\/\/capriccioli.it\/pt\/apartamentos\/apartamento-villa-2-quartos-suite-junior\/","og_site_name":"Residenza Capriccioli","article_modified_time":"2024-07-10T23:01:11+00:00","og_image":[{"width":2199,"height":1466,"url":"https:\/\/capriccioli.it\/wp-content\/uploads\/2018\/12\/villetta3b.jpg","type":"image\/jpeg"}],"twitter_card":"summary_large_image","twitter_misc":{"Tempo estimado de leitura":"1 minuto"},"schema":{"@context":"https:\/\/schema.org","@graph":[{"@type":"WebPage","@id":"https:\/\/capriccioli.it\/appartamenti\/appartamento-villetta-2-posti-letto-junior-suite\/","url":"https:\/\/capriccioli.it\/appartamenti\/appartamento-villetta-2-posti-letto-junior-suite\/","name":"Appartamento Villetta 2 Posti letto (Junior Suite) | Residenza Capriccioli","isPartOf":{"@id":"https:\/\/capriccioli.it\/#website"},"primaryImageOfPage":{"@id":"https:\/\/capriccioli.it\/appartamenti\/appartamento-villetta-2-posti-letto-junior-suite\/#primaryimage"},"image":{"@id":"https:\/\/capriccioli.it\/appartamenti\/appartamento-villetta-2-posti-letto-junior-suite\/#primaryimage"},"thumbnailUrl":"https:\/\/capriccioli.it\/wp-content\/uploads\/2018\/12\/villetta3b.jpg","datePublished":"2021-03-29T05:09:18+00:00","dateModified":"2024-07-10T23:01:11+00:00","breadcrumb":{"@id":"https:\/\/capriccioli.it\/appartamenti\/appartamento-villetta-2-posti-letto-junior-suite\/#breadcrumb"},"inLanguage":"pt-PT","potentialAction":[{"@type":"ReadAction","target":["https:\/\/capriccioli.it\/appartamenti\/appartamento-villetta-2-posti-letto-junior-suite\/"]}]},{"@type":"ImageObject","inLanguage":"pt-PT","@id":"https:\/\/capriccioli.it\/appartamenti\/appartamento-villetta-2-posti-letto-junior-suite\/#primaryimage","url":"https:\/\/capriccioli.it\/wp-content\/uploads\/2018\/12\/villetta3b.jpg","contentUrl":"https:\/\/capriccioli.it\/wp-content\/uploads\/2018\/12\/villetta3b.jpg","width":2199,"height":1466},{"@type":"BreadcrumbList","@id":"https:\/\/capriccioli.it\/appartamenti\/appartamento-villetta-2-posti-letto-junior-suite\/#breadcrumb","itemListElement":[{"@type":"ListItem","position":1,"name":"Home","item":"https:\/\/capriccioli.it\/"},{"@type":"ListItem","position":2,"name":"Appartamenti","item":"https:\/\/capriccioli.it\/appartamenti\/"},{"@type":"ListItem","position":3,"name":"Appartamento Villetta 2 Posti letto (Junior Suite)"}]},{"@type":"WebSite","@id":"https:\/\/capriccioli.it\/#website","url":"https:\/\/capriccioli.it\/","name":"Residenza Capriccioli","description":"Costa Smeralda","publisher":{"@id":"https:\/\/capriccioli.it\/#organization"},"potentialAction":[{"@type":"SearchAction","target":{"@type":"EntryPoint","urlTemplate":"https:\/\/capriccioli.it\/?s={search_term_string}"},"query-input":{"@type":"PropertyValueSpecification","valueRequired":true,"valueName":"search_term_string"}}],"inLanguage":"pt-PT"},{"@type":"Organization","@id":"https:\/\/capriccioli.it\/#organization","name":"Residenza Capriccioli","url":"https:\/\/capriccioli.it\/","logo":{"@type":"ImageObject","inLanguage":"pt-PT","@id":"https:\/\/capriccioli.it\/#\/schema\/logo\/image\/","url":"https:\/\/capriccioli.it\/wp-content\/uploads\/2018\/12\/capriccioli-logo-web.svg","contentUrl":"https:\/\/capriccioli.it\/wp-content\/uploads\/2018\/12\/capriccioli-logo-web.svg","width":1,"height":1,"caption":"Residenza Capriccioli"},"image":{"@id":"https:\/\/capriccioli.it\/#\/schema\/logo\/image\/"}}]}},"_links":{"self":[{"href":"https:\/\/capriccioli.it\/pt\/wp-json\/wp\/v2\/product\/6718","targetHints":{"allow":["GET"]}}],"collection":[{"href":"https:\/\/capriccioli.it\/pt\/wp-json\/wp\/v2\/product"}],"about":[{"href":"https:\/\/capriccioli.it\/pt\/wp-json\/wp\/v2\/types\/product"}],"replies":[{"embeddable":true,"href":"https:\/\/capriccioli.it\/pt\/wp-json\/wp\/v2\/comments?post=6718"}],"wp:featuredmedia":[{"embeddable":true,"href":"https:\/\/capriccioli.it\/pt\/wp-json\/wp\/v2\/media\/6652"}],"wp:attachment":[{"href":"https:\/\/capriccioli.it\/pt\/wp-json\/wp\/v2\/media?parent=6718"}],"wp:term":[{"taxonomy":"product_brand","embeddable":true,"href":"https:\/\/capriccioli.it\/pt\/wp-json\/wp\/v2\/product_brand?post=6718"},{"taxonomy":"product_cat","embeddable":true,"href":"https:\/\/capriccioli.it\/pt\/wp-json\/wp\/v2\/product_cat?post=6718"},{"taxonomy":"product_tag","embeddable":true,"href":"https:\/\/capriccioli.it\/pt\/wp-json\/wp\/v2\/product_tag?post=6718"}],"curies":[{"name":"wp","href":"https:\/\/api.w.org\/{rel}","templated":true}]}}